{"id":2947,"date":"2020-03-12T16:55:12","date_gmt":"2020-03-12T16:55:12","guid":{"rendered":"https:\/\/www.isb-henseler.de\/?page_id=2947"},"modified":"2024-02-24T13:40:18","modified_gmt":"2024-02-24T13:40:18","slug":"impressum","status":"publish","type":"page","link":"https:\/\/www.isb-henseler.de\/fr\/impressum","title":{"rendered":"Impression"},"content":{"rendered":"<div class=\"wpb-content-wrapper\"><div class=\"vc_row wpb_row vc_row-fluid inner_container desktop-visible cneo-head vc_custom_1708781360055 vc_row-has-fill vc_rtl-columns-reverse vc_row-o-content-middle vc_row-flex\"><div class=\"wpb_column vc_column_container vc_col-sm-3\/5\"><div class=\"vc_column-inner vc_custom_1581831845353\"><div class=\"wpb_wrapper\">\n\t<div class=\"wpb_text_column wpb_content_element\" >\n\t\t<div class=\"wpb_wrapper\">\n\t\t\t\n\t\t<\/div>\n\t<\/div>\n<\/div><\/div><\/div><\/div><div class=\"vc_row wpb_row vc_row-fluid mobile-invisible cneo-head\"><div class=\"wpb_column vc_column_container vc_col-sm-12\"><div class=\"vc_column-inner\"><div class=\"wpb_wrapper\">\n\t<div  class=\"wpb_single_image wpb_content_element vc_align_left\">\n\t\t\n\t\t<figure class=\"wpb_wrapper vc_figure\">\n\t\t\t<div class=\"vc_single_image-wrapper   vc_box_border_grey\"><img loading=\"lazy\" decoding=\"async\" width=\"800\" height=\"600\" src=\"https:\/\/www.isb-henseler.de\/wp-content\/uploads\/header_800_600.jpg\" class=\"vc_single_image-img attachment-full\" alt=\"\" title=\"en-t\u00eate_800_600\" srcset=\"https:\/\/www.isb-henseler.de\/wp-content\/uploads\/header_800_600.jpg 800w, https:\/\/www.isb-henseler.de\/wp-content\/uploads\/header_800_600-300x225.jpg 300w, https:\/\/www.isb-henseler.de\/wp-content\/uploads\/header_800_600-768x576.jpg 768w, https:\/\/www.isb-henseler.de\/wp-content\/uploads\/header_800_600-16x12.jpg 16w, https:\/\/www.isb-henseler.de\/wp-content\/uploads\/header_800_600-100x75.jpg 100w\" sizes=\"(max-width: 800px) 100vw, 800px\" \/><\/div>\n\t\t<\/figure>\n\t<\/div>\n<\/div><\/div><\/div><\/div><div class=\"vc_row wpb_row vc_row-fluid inner_container_fixed vc_custom_1584032465510 vc_row-has-fill\"><div class=\"wpb_column vc_column_container vc_col-sm-12\"><div class=\"vc_column-inner\"><div class=\"wpb_wrapper\">\n\t<div class=\"wpb_text_column wpb_content_element\" >\n\t\t<div class=\"wpb_wrapper\">\n\t\t\t<h1 style=\"text-align: center;\">Impression<\/h1>\n<ul>\n<li><b>Informations selon le \u00a7 5 TMG<br \/>\n<\/b>Thorsten Henseler<br \/>\nUPIC-Henseler<br \/>\n9, rue Sandorf<br \/>\n53225 Bonn<\/li>\n<li><b>Contact<br \/>\n<\/b>T\u00e9l\u00e9phone : 0228\/ 886 821 31<br \/>\nT\u00e9l\u00e9copieur : 0228\/ 886 821 44<br \/>\nCourrier \u00e9lectronique :\u00a0<a href=\"mailto:info@isb-henseler.de\">info@isb-henseler.de<\/a><\/li>\n<li><b>Conception et design web<\/b><br \/>\n<a href=\"https:\/\/www.werbeagentur-citos.de\/\" target=\"_blank\" rel=\"noopener\">Agence de publicit\u00e9 citos<\/a><\/li>\n<li><b>Informations sur l'assurance responsabilit\u00e9 civile professionnelle<br \/>\n<\/b>Nom et si\u00e8ge de l'assureur :<br \/>\nHDI Versicherung AG<br \/>\n30650 Hanovre<\/li>\n<li><b>R\u00e8glement des litiges<br \/>\n<\/b>Nous ne sommes pas pr\u00eats ou oblig\u00e9s de participer \u00e0 des proc\u00e9dures de r\u00e8glement des litiges devant un organisme de conciliation des consommateurs.<\/li>\n<li><b>Responsabilit\u00e9 du contenu<br \/>\n<\/b>En tant que prestataire de services, nous sommes responsables, conform\u00e9ment au \u00a7 7 alin\u00e9a 1 de la loi allemande sur les t\u00e9l\u00e9m\u00e9dias (TMG), de nos propres contenus sur ces pages selon les lois g\u00e9n\u00e9rales. Selon les \u00a7\u00a7 8 \u00e0 10 de la TMG, nous ne sommes toutefois pas tenus, en tant que prestataire de services, de surveiller les informations externes transmises ou enregistr\u00e9es ou de rechercher les circonstances qui indiquent une activit\u00e9 ill\u00e9gale.<\/li>\n<li>Les obligations de supprimer ou de bloquer l'utilisation d'informations conform\u00e9ment aux lois g\u00e9n\u00e9rales restent inchang\u00e9es. Une responsabilit\u00e9 \u00e0 cet \u00e9gard n'est toutefois possible qu'\u00e0 partir du moment o\u00f9 une violation concr\u00e8te de la loi est connue. D\u00e8s la prise de connaissance d'une telle violation de la loi, nous supprimerons imm\u00e9diatement ces contenus.<\/li>\n<li><b>Responsabilit\u00e9 pour les liens<br \/>\n<\/b>Notre offre contient des liens vers des sites web externes de tiers, sur lesquels nous n'avons pas de contr\u00f4le.<br \/>\nsur lesquels nous n'avons aucune influence. C'est pourquoi nous ne pouvons pas non plus nous porter garants de ces contenus \u00e9trangers. Le fournisseur ou l'exploitant des pages li\u00e9es est toujours responsable des contenus de ces pages. Les pages li\u00e9es ont \u00e9t\u00e9 contr\u00f4l\u00e9es au moment de la mise en place des liens afin de v\u00e9rifier qu'elles n'enfreignaient pas la loi. Aucun contenu ill\u00e9gal n'a \u00e9t\u00e9 identifi\u00e9 au moment de la cr\u00e9ation des liens.<\/li>\n<li>Un contr\u00f4le permanent du contenu des pages li\u00e9es n'est cependant pas exigible sans indices concrets d'une violation de la loi. D\u00e8s que nous aurons connaissance d'une violation de la loi, nous supprimerons imm\u00e9diatement les liens concern\u00e9s.<\/li>\n<li><b>Droit d'auteur<br \/>\n<\/b>Les contenus et les \u0153uvres cr\u00e9\u00e9s par les exploitants des sites sur ces pages<br \/>\nsont soumis au droit d'auteur allemand. La reproduction, le traitement, la diffusion et toute forme d'exploitation en dehors des limites du droit d'auteur requi\u00e8rent l'accord \u00e9crit de l'auteur ou du cr\u00e9ateur concern\u00e9. Les t\u00e9l\u00e9chargements et les copies de ce site ne sont autoris\u00e9s que pour un usage priv\u00e9 et non commercial.<\/li>\n<li>Dans la mesure o\u00f9 les contenus de ce site n'ont pas \u00e9t\u00e9 cr\u00e9\u00e9s par l'exploitant, les droits d'auteur de tiers sont respect\u00e9s. Les contenus de tiers sont notamment identifi\u00e9s comme tels. Si vous deviez n\u00e9anmoins constater une violation des droits d'auteur, nous vous prions de nous en informer. D\u00e8s la prise de connaissance d'une violation de la loi, nous supprimerons imm\u00e9diatement les contenus concern\u00e9s.<\/li>\n<li><strong>Cr\u00e9dit photo :<\/strong> ISB Henseler, AdobeStock_121091409.jpeg, AdobeStock_96688562.jpeg, AdobeStock_60651496.jpeg, AdobeStock_177121389.jpeg, AdobeStock_74556243.jpeg, AdobeStock_51451275.jpeg, AdobeStock_P1050351.jpeg<\/li>\n<li><strong>Source :\u00a0<\/strong><a href=\"https:\/\/www.e-recht24.de\/\">eRecht24<\/a><\/li>\n<\/ul>\n\n\t\t<\/div>\n\t<\/div>\n<\/div><\/div><\/div><\/div>\n<\/div>","protected":false},"excerpt":{"rendered":"Impressum Angaben gem\u00e4\u00df \u00a7 5 TMG Thorsten Henseler ISB-Henseler Sandorfstrasse 9 53225 Bonn Kontakt Telefon: 0228\/ 886 821 31 Telefax: 0228\/ 886 821 44 E-Mail:\u00a0info@isb-henseler.de Konzeption und Webdesign Werbeagentur citos Angaben zur Berufshaftpflichtversicherung Name und Sitz des Versicherers: HDI Versicherung AG 30650 Hannover Streitschlichtung Wir sind nicht bereit oder verpflichtet, an Streitbeilegungsverfahren vor einer Verbraucherschlichtungsstelle teilzunehmen. Haftung f\u00fcr Inhalte Als\u00a0Diensteanbieter ... <a href=\"https:\/\/www.isb-henseler.de\/fr\/impressum\" class=\"more-link\">Lire la suite<\/a>","protected":false},"author":1,"featured_media":4965,"parent":0,"menu_order":0,"comment_status":"closed","ping_status":"closed","template":"template-blank-4.php","meta":{"footnotes":""},"yoast_head":"<!-- This site is optimized with the Yoast SEO plugin v22.1 - https:\/\/yoast.com\/wordpress\/plugins\/seo\/ -->\n<title>Impressum - ISB HENSELER<\/title>\n<meta name=\"description\" content=\"Bauingenieur, Sachverst\u00e4ndige f\u00fcr Bauwesen, Beratung bei Immobilienkauf, Baubegleitung, Baumangel, Bauberatung, Stichproben in Bonn\" \/>\n<meta name=\"robots\" content=\"index, follow, max-snippet:-1, max-image-preview:large, max-video-preview:-1\" \/>\n<link rel=\"canonical\" href=\"https:\/\/www.isb-henseler.de\/fr\/impressum\/\" \/>\n<meta property=\"og:locale\" content=\"fr_FR\" \/>\n<meta property=\"og:type\" content=\"article\" \/>\n<meta property=\"og:title\" content=\"Impressum - ISB HENSELER\" \/>\n<meta property=\"og:description\" content=\"Bauingenieur, Sachverst\u00e4ndige f\u00fcr Bauwesen, Beratung bei Immobilienkauf, Baubegleitung, Baumangel, Bauberatung, Stichproben in Bonn\" \/>\n<meta property=\"og:url\" content=\"https:\/\/www.isb-henseler.de\/fr\/impressum\/\" \/>\n<meta property=\"og:site_name\" content=\"www.isb-henseler.de\" \/>\n<meta property=\"article:modified_time\" content=\"2024-02-24T13:40:18+00:00\" \/>\n<meta property=\"og:image\" content=\"https:\/\/www.isb-henseler.de\/wp-content\/uploads\/header_800_600.jpg\" \/>\n\t<meta property=\"og:image:width\" content=\"800\" \/>\n\t<meta property=\"og:image:height\" content=\"600\" \/>\n\t<meta property=\"og:image:type\" content=\"image\/jpeg\" \/>\n<meta name=\"twitter:card\" content=\"summary_large_image\" \/>\n<meta name=\"twitter:label1\" content=\"Dur\u00e9e de lecture estim\u00e9e\" \/>\n\t<meta name=\"twitter:data1\" content=\"3 minutes\" \/>\n<script type=\"application\/ld+json\" class=\"yoast-schema-graph\">{\"@context\":\"https:\/\/schema.org\",\"@graph\":[{\"@type\":\"WebPage\",\"@id\":\"https:\/\/www.isb-henseler.de\/impressum\",\"url\":\"https:\/\/www.isb-henseler.de\/impressum\",\"name\":\"Impressum - ISB HENSELER\",\"isPartOf\":{\"@id\":\"https:\/\/www.isb-henseler.de\/#website\"},\"datePublished\":\"2020-03-12T16:55:12+00:00\",\"dateModified\":\"2024-02-24T13:40:18+00:00\",\"description\":\"Bauingenieur, Sachverst\u00e4ndige f\u00fcr Bauwesen, Beratung bei Immobilienkauf, Baubegleitung, Baumangel, Bauberatung, Stichproben in Bonn\",\"inLanguage\":\"fr-FR\",\"potentialAction\":[{\"@type\":\"ReadAction\",\"target\":[\"https:\/\/www.isb-henseler.de\/impressum\"]}]},{\"@type\":\"WebSite\",\"@id\":\"https:\/\/www.isb-henseler.de\/#website\",\"url\":\"https:\/\/www.isb-henseler.de\/\",\"name\":\"www.isb-henseler.de\",\"description\":\"www.isb-henseler.de\",\"potentialAction\":[{\"@type\":\"SearchAction\",\"target\":{\"@type\":\"EntryPoint\",\"urlTemplate\":\"https:\/\/www.isb-henseler.de\/?s={search_term_string}\"},\"query-input\":\"required name=search_term_string\"}],\"inLanguage\":\"fr-FR\"}]}<\/script>\n<!-- \/ Yoast SEO plugin. -->","yoast_head_json":{"title":"Impressum - ISB HENSELER","description":"Bauingenieur, Sachverst\u00e4ndige f\u00fcr Bauwesen, Beratung bei Immobilienkauf, Baubegleitung, Baumangel, Bauberatung, Stichproben in Bonn","robots":{"index":"index","follow":"follow","max-snippet":"max-snippet:-1","max-image-preview":"max-image-preview:large","max-video-preview":"max-video-preview:-1"},"canonical":"https:\/\/www.isb-henseler.de\/fr\/impressum\/","og_locale":"fr_FR","og_type":"article","og_title":"Impressum - ISB HENSELER","og_description":"Bauingenieur, Sachverst\u00e4ndige f\u00fcr Bauwesen, Beratung bei Immobilienkauf, Baubegleitung, Baumangel, Bauberatung, Stichproben in Bonn","og_url":"https:\/\/www.isb-henseler.de\/fr\/impressum\/","og_site_name":"www.isb-henseler.de","article_modified_time":"2024-02-24T13:40:18+00:00","og_image":[{"width":800,"height":600,"url":"https:\/\/www.isb-henseler.de\/wp-content\/uploads\/header_800_600.jpg","type":"image\/jpeg"}],"twitter_card":"summary_large_image","twitter_misc":{"Dur\u00e9e de lecture estim\u00e9e":"3 minutes"},"schema":{"@context":"https:\/\/schema.org","@graph":[{"@type":"WebPage","@id":"https:\/\/www.isb-henseler.de\/impressum","url":"https:\/\/www.isb-henseler.de\/impressum","name":"Impressum - ISB HENSELER","isPartOf":{"@id":"https:\/\/www.isb-henseler.de\/#website"},"datePublished":"2020-03-12T16:55:12+00:00","dateModified":"2024-02-24T13:40:18+00:00","description":"Bauingenieur, Sachverst\u00e4ndige f\u00fcr Bauwesen, Beratung bei Immobilienkauf, Baubegleitung, Baumangel, Bauberatung, Stichproben in Bonn","inLanguage":"fr-FR","potentialAction":[{"@type":"ReadAction","target":["https:\/\/www.isb-henseler.de\/impressum"]}]},{"@type":"WebSite","@id":"https:\/\/www.isb-henseler.de\/#website","url":"https:\/\/www.isb-henseler.de\/","name":"www.isb-henseler.de","description":"www.isb-henseler.de","potentialAction":[{"@type":"SearchAction","target":{"@type":"EntryPoint","urlTemplate":"https:\/\/www.isb-henseler.de\/?s={search_term_string}"},"query-input":"required name=search_term_string"}],"inLanguage":"fr-FR"}]}},"_links":{"self":[{"href":"https:\/\/www.isb-henseler.de\/fr\/wp-json\/wp\/v2\/pages\/2947"}],"collection":[{"href":"https:\/\/www.isb-henseler.de\/fr\/wp-json\/wp\/v2\/pages"}],"about":[{"href":"https:\/\/www.isb-henseler.de\/fr\/wp-json\/wp\/v2\/types\/page"}],"author":[{"embeddable":true,"href":"https:\/\/www.isb-henseler.de\/fr\/wp-json\/wp\/v2\/users\/1"}],"replies":[{"embeddable":true,"href":"https:\/\/www.isb-henseler.de\/fr\/wp-json\/wp\/v2\/comments?post=2947"}],"version-history":[{"count":4,"href":"https:\/\/www.isb-henseler.de\/fr\/wp-json\/wp\/v2\/pages\/2947\/revisions"}],"predecessor-version":[{"id":5005,"href":"https:\/\/www.isb-henseler.de\/fr\/wp-json\/wp\/v2\/pages\/2947\/revisions\/5005"}],"wp:featuredmedia":[{"embeddable":true,"href":"https:\/\/www.isb-henseler.de\/fr\/wp-json\/wp\/v2\/media\/4965"}],"wp:attachment":[{"href":"https:\/\/www.isb-henseler.de\/fr\/wp-json\/wp\/v2\/media?parent=2947"}],"curies":[{"name":"wp","href":"https:\/\/api.w.org\/{rel}","templated":true}]}}